{"id":75,"date":"2015-03-03T21:39:38","date_gmt":"2015-03-03T21:39:38","guid":{"rendered":"http:\/\/mehr-spielraum.com\/?page_id=75"},"modified":"2021-02-07T09:28:06","modified_gmt":"2021-02-07T09:28:06","slug":"themenprojekte-und-workshops","status":"publish","type":"page","link":"http:\/\/mehr-spielraum.com\/?page_id=75","title":{"rendered":"Themenprojekte"},"content":{"rendered":"<p>&nbsp;<\/p>\n<p>&nbsp;<\/p>\n<p style=\"text-align: center;\"><strong><span style=\"color: #000080;\">&#8222;Kinder sind keine F\u00e4sser, die gef\u00fcllt,<\/span> <\/strong><\/p>\n<p style=\"text-align: center;\"><span style=\"color: #000080;\"><strong>sondern Feuer die entz\u00fcndet werden wollen.&#8220;<\/strong><\/span><\/p>\n<p style=\"text-align: center;\"><span style=\"color: #000080;\"><em>Rabelais 1490-1553<\/em><\/span><\/p>\n<p><a href=\"http:\/\/mehr-spielraum.com\/wp-content\/uploads\/2015\/03\/DSC_0104-2.jpg\"><img decoding=\"async\" loading=\"lazy\" class=\"  aligncenter wp-image-504 size-large\" src=\"http:\/\/mehr-spielraum.com\/wp-content\/uploads\/2015\/03\/DSC_0104-2-1024x685.jpg\" alt=\"DSC_0104 (2)\" width=\"1024\" height=\"685\" srcset=\"http:\/\/mehr-spielraum.com\/wp-content\/uploads\/2015\/03\/DSC_0104-2-1024x685.jpg 1024w, http:\/\/mehr-spielraum.com\/wp-content\/uploads\/2015\/03\/DSC_0104-2-300x201.jpg 300w\" sizes=\"(max-width: 1024px) 100vw, 1024px\" \/><\/a><\/p>\n<p>&nbsp;<\/p>\n<p style=\"text-align: left;\"><span style=\"color: #000080;\">Bei den thematischen Projekten erhalten die Sch\u00fcler,<\/span><\/p>\n<p style=\"text-align: left;\"><span style=\"color: #000080;\">mittels\u00a0theaterp\u00e4dagogischen Methoden, <\/span><\/p>\n<p style=\"text-align: left;\"><span style=\"color: #000080;\">einen spielerischen und erlebnis-orientierten Zugang zu einem\u00a0Thema.<\/span><\/p>\n<p style=\"text-align: justify;\"><span style=\"color: #000080;\">Es kann zu einer Pr\u00e4sentation kommen, muss es aber nicht. <\/span><\/p>\n<p style=\"text-align: justify;\"><span style=\"color: #000080;\">Ihr Projekt wird nach Ihren individuellen W\u00fcnschen von mir vorbereitet. <\/span><\/p>\n<p style=\"text-align: justify;\"><span style=\"color: #000080;\">Soll es eine einzelne Unterrichtsstunde sein oder ein gr\u00f6\u00dferes Projekt.<\/span><\/p>\n","protected":false},"excerpt":{"rendered":"<p>&nbsp; &nbsp; &#8222;Kinder sind keine F\u00e4sser, die gef\u00fcllt, sondern Feuer die entz\u00fcndet werden wollen.&#8220; Rabelais 1490-1553 &nbsp; Bei den thematischen Projekten erhalten die Sch\u00fcler, mittels\u00a0theaterp\u00e4dagogischen Methoden, einen spielerischen und erlebnis-orientierten Zugang zu einem\u00a0Thema. Es kann zu einer Pr\u00e4sentation kommen, muss es aber nicht. Ihr Projekt wird nach Ihren individuellen W\u00fcnschen von mir vorbereitet. Soll es [&hellip;]<\/p>\n","protected":false},"author":1,"featured_media":0,"parent":0,"menu_order":0,"comment_status":"closed","ping_status":"closed","template":"","meta":[],"_links":{"self":[{"href":"http:\/\/mehr-spielraum.com\/index.php?rest_route=\/wp\/v2\/pages\/75"}],"collection":[{"href":"http:\/\/mehr-spielraum.com\/index.php?rest_route=\/wp\/v2\/pages"}],"about":[{"href":"http:\/\/mehr-spielraum.com\/index.php?rest_route=\/wp\/v2\/types\/page"}],"author":[{"embeddable":true,"href":"http:\/\/mehr-spielraum.com\/index.php?rest_route=\/wp\/v2\/users\/1"}],"replies":[{"embeddable":true,"href":"http:\/\/mehr-spielraum.com\/index.php?rest_route=%2Fwp%2Fv2%2Fcomments&post=75"}],"version-history":[{"count":11,"href":"http:\/\/mehr-spielraum.com\/index.php?rest_route=\/wp\/v2\/pages\/75\/revisions"}],"predecessor-version":[{"id":822,"href":"http:\/\/mehr-spielraum.com\/index.php?rest_route=\/wp\/v2\/pages\/75\/revisions\/822"}],"wp:attachment":[{"href":"http:\/\/mehr-spielraum.com\/index.php?rest_route=%2Fwp%2Fv2%2Fmedia&parent=75"}],"curies":[{"name":"wp","href":"https:\/\/api.w.org\/{rel}","templated":true}]}}