{"id":7,"date":"2015-02-22T00:15:56","date_gmt":"2015-02-22T00:15:56","guid":{"rendered":"http:\/\/mehr-spielraum.com\/?page_id=5"},"modified":"2023-04-01T16:06:06","modified_gmt":"2023-04-01T16:06:06","slug":"vita","status":"publish","type":"page","link":"http:\/\/mehr-spielraum.com\/?page_id=7","title":{"rendered":"Vita \/\/ zu meiner Person"},"content":{"rendered":"<p style=\"text-align: center;\"><span style=\"color: #ff0000;\"><a href=\"http:\/\/mehr-spielraum.com\/wp-content\/uploads\/2016\/10\/IMG_4014_1.jpg\"><img decoding=\"async\" loading=\"lazy\" class=\"  wp-image-728 aligncenter\" src=\"http:\/\/mehr-spielraum.com\/wp-content\/uploads\/2016\/10\/IMG_4014_1-300x200.jpg\" alt=\"img_4014_1\" width=\"335\" height=\"223\" srcset=\"http:\/\/mehr-spielraum.com\/wp-content\/uploads\/2016\/10\/IMG_4014_1-300x200.jpg 300w, http:\/\/mehr-spielraum.com\/wp-content\/uploads\/2016\/10\/IMG_4014_1-1024x683.jpg 1024w\" sizes=\"(max-width: 335px) 100vw, 335px\" \/><br \/>\n<\/a><span style=\"color: #000080;\">Darf ich vorstellen&#8230;<br \/>\n<span style=\"color: #ff0000;\">&#8230;Christina Wehner\u00a0<\/span><\/span><\/span><\/p>\n<p style=\"text-align: center;\"><span style=\"color: #000080;\">Altstadt verliebte Rothenburgerin\u00a0<\/span><br \/>\n<span style=\"color: #000080;\">Schwarze-Tee-Trinkerin<\/span><br \/>\n<span style=\"color: #000080;\">Ideen-Sammlerin<\/span><br \/>\n<span style=\"color: #000080;\">Erfolgreiche war-im-K\u00fchlschrank-musste-weg-K\u00f6chin<\/span><br \/>\n<span style=\"color: #000080;\">D\u00e4nemark\u00a0Liebhaberin<\/span><br \/>\n<span style=\"color: #000080;\">Nachfolgerin des gr\u00f6\u00dften K\u00fcnstlers (Gott)\u00a0<\/span><br \/>\n<span style=\"color: #000080;\">Nudel Fan<\/span><br \/>\n<span style=\"color: #000080;\">Initiatives Organisations- und Strukturtalent<\/span><br \/>\n<span style=\"color: #000080;\">Wein Genie\u00dferin<\/span><br \/>\n<span style=\"color: #000080;\">Theaterfrau<\/span><br \/>\n<span style=\"color: #000080;\">ewig spielendes Kind<br \/>\n<\/span><\/p>\n<p style=\"text-align: center;\"><span style=\"color: #000080;\">und<\/span><\/p>\n<p style=\"text-align: center;\"><span style=\"color: #ff0000;\">Theaterp\u00e4dagogin aus\u00a0Leidenschaft<\/span><\/p>\n<p style=\"text-align: center;\"><span style=\"color: #ff0000;\"><br \/>\n<span style=\"color: #000080;\">Mit meinem theaterp\u00e4dagogischen Schaffen m\u00f6chte ich<\/span><br \/>\n<strong>Menschen mehr Spielraum geben<\/strong> <span style=\"color: #000080;\">um\u2026<\/span><\/span><\/p>\n<p style=\"text-align: center;\"><span style=\"color: #000080;\">\u2026Theater zu <strong>spielen.<\/strong><\/span><\/p>\n<p style=\"text-align: center;\"><span style=\"color: #000080;\">\u2026sich k\u00fcnstlerisch, sozial und pers\u00f6nlich zu <strong>entfalten.<\/strong><\/span><\/p>\n<p style=\"text-align: center;\"><span style=\"color: #000080;\">\u2026<strong> sensibel <\/strong>f\u00fcr den eigenen K\u00f6rper, die Seele und den Geist zu werden.<\/span><\/p>\n<p style=\"text-align: center;\"><span style=\"color: #000080;\">\u2026Kunst, Geschichten, Themen, Menschen, Kultur und \u00c4sthetik zu <strong>begegnen<\/strong>.<\/span><\/p>\n<p style=\"text-align: center;\"><span style=\"color: #ff0000;\">mehr dazu? Klicke<\/span>\u00a0<strong><a href=\"http:\/\/mehr-spielraum.com\/?page_id=27\">hier&#8230;<\/a><\/strong><\/p>\n<p><a href=\"http:\/\/mehr-spielraum.com\/wp-content\/uploads\/2015\/02\/IMG_3957.jpg\"><img decoding=\"async\" loading=\"lazy\" class=\" size-medium wp-image-730 aligncenter\" src=\"http:\/\/mehr-spielraum.com\/wp-content\/uploads\/2015\/02\/IMG_3957-300x200.jpg\" alt=\"img_3957\" width=\"300\" height=\"200\" srcset=\"http:\/\/mehr-spielraum.com\/wp-content\/uploads\/2015\/02\/IMG_3957-300x200.jpg 300w, http:\/\/mehr-spielraum.com\/wp-content\/uploads\/2015\/02\/IMG_3957-1024x683.jpg 1024w\" sizes=\"(max-width: 300px) 100vw, 300px\" \/><\/a><\/p>\n<p style=\"text-align: center;\"><span style=\"color: #ff0000;\"><strong>Berufliche Praxis<\/strong><\/span><\/p>\n<p style=\"text-align: center;\"><span style=\"color: #000080;\">Seit 2010 als freiberufliche Theaterp\u00e4dagogin t\u00e4tig.<\/span><\/p>\n<p style=\"text-align: center;\"><span style=\"color: #000080;\">Seit 2005 in der Logistikbranche t\u00e4tig.<\/span><\/p>\n<p><a href=\"http:\/\/mehr-spielraum.com\/wp-content\/uploads\/2015\/02\/IMG_3979.jpg\"><img decoding=\"async\" loading=\"lazy\" class=\" size-medium wp-image-731 aligncenter\" src=\"http:\/\/mehr-spielraum.com\/wp-content\/uploads\/2015\/02\/IMG_3979-200x300.jpg\" alt=\"img_3979\" width=\"200\" height=\"300\" srcset=\"http:\/\/mehr-spielraum.com\/wp-content\/uploads\/2015\/02\/IMG_3979-200x300.jpg 200w, http:\/\/mehr-spielraum.com\/wp-content\/uploads\/2015\/02\/IMG_3979-683x1024.jpg 683w\" sizes=\"(max-width: 200px) 100vw, 200px\" \/><\/a><\/p>\n<p style=\"text-align: center;\"><span style=\"color: #ff0000;\"><strong>Werdegang\u00a0<\/strong><\/span><\/p>\n<p style=\"padding-left: 60px;\"><span style=\"color: #000080;\">2010-2014 \u00a0Berufsbegleitendes Studium zur Theaterp\u00e4dagogin BuT\u00ae\u00a0an der Theaterwerkstatt Heidelberg<\/span><\/p>\n<p style=\"padding-left: 60px;\"><span style=\"color: #000080;\">2008-2011 Ausbildung zur christlichen Theatertrainerin an der Drama-Ministry Academy<\/span><\/p>\n<p style=\"padding-left: 60px;\"><span style=\"color: #000080;\">2005-2008\u00a0Ausbildung zur Kauffrau f\u00fcr Spedition- und Logistikdienstleistungen<\/span><\/p>\n<p><a href=\"http:\/\/mehr-spielraum.com\/wp-content\/uploads\/2015\/02\/IMG_4130.jpg\"><img decoding=\"async\" loading=\"lazy\" class=\" size-medium wp-image-732 aligncenter\" src=\"http:\/\/mehr-spielraum.com\/wp-content\/uploads\/2015\/02\/IMG_4130-300x206.jpg\" alt=\"img_4130\" width=\"300\" height=\"206\" srcset=\"http:\/\/mehr-spielraum.com\/wp-content\/uploads\/2015\/02\/IMG_4130-300x206.jpg 300w, http:\/\/mehr-spielraum.com\/wp-content\/uploads\/2015\/02\/IMG_4130-1024x705.jpg 1024w\" sizes=\"(max-width: 300px) 100vw, 300px\" \/><\/a><\/p>\n<p style=\"text-align: center;\"><span style=\"color: #ff0000;\"><strong>Engagiert dabei\u00a0<\/strong><\/span><\/p>\n<p style=\"padding-left: 60px;\"><span style=\"color: #000080;\">\u2026im Toppler Theater, Rothenburgs kleiner aber feiner Freilichtb\u00fchne.<\/span><\/p>\n<p><a href=\"http:\/\/mehr-spielraum.com\/wp-content\/uploads\/2015\/02\/IMG_4127.jpg\"><img decoding=\"async\" loading=\"lazy\" class=\" size-medium wp-image-733 aligncenter\" src=\"http:\/\/mehr-spielraum.com\/wp-content\/uploads\/2015\/02\/IMG_4127-300x200.jpg\" alt=\"img_4127\" width=\"300\" height=\"200\" srcset=\"http:\/\/mehr-spielraum.com\/wp-content\/uploads\/2015\/02\/IMG_4127-300x200.jpg 300w, http:\/\/mehr-spielraum.com\/wp-content\/uploads\/2015\/02\/IMG_4127-1024x683.jpg 1024w\" sizes=\"(max-width: 300px) 100vw, 300px\" \/><\/a><\/p>\n<p style=\"text-align: center;\"><span style=\"color: #ff0000;\"><strong>Bisherige Projekte und Inszenierungen <\/strong><em>(Ausschnitt)<\/em><\/span><\/p>\n<p><span style=\"color: #000080;\">2021 &#8211; 2023 Theaterp\u00e4dagogin an der Edith Stein Realschule, Schillingsf\u00fcrst<\/span><\/p>\n<p><span style=\"color: #000080;\">2016 &#8211; 2023 Leitung der Toppler Theater\u00a0Spielclubs\u00a0\u00a0f\u00fcr Kinder, Jugendlich und Erwachsene, Rothenburg<\/span><\/p>\n<p><span style=\"color: #000080;\"><br \/>\n2016 &#8211; 2023 \u00a0Leitung der Theater AG der Realschule, Creglingen<\/span><\/p>\n<p><span style=\"color: #000080;\">2016 &#8211; 2020\u00a0Leitung des BIZ Projektes f\u00fcr Viertkl\u00e4ssler<\/span><br \/>\n<span style=\"color: #000080;\"> in Kooperation mit der Grundschule und dem Kulturamt, \u00a0Niederstetten<\/span><\/p>\n<hr \/>\n<p><span style=\"color: #000080;\">2020 &#8211; Workshop Mittelschule, Rothenburg<\/span><\/p>\n<p><span style=\"color: #000080;\">2017 &#8211; Workshop lebendige Bibelbilder, Di\u00f6zese W\u00fcrzburg<\/span><\/p>\n<p><span style=\"color: #000080;\">2016 &#8211; chorisches Theater mit biblischen Texten, Schorndorf<\/span><\/p>\n<p><span style=\"color: #000080;\">2016 &#8211; Gr\u00fcndung des Toppler Theater\u00a0Spielclubs\u00a0f\u00fcr Jugendliche, Rothenburg<\/span><\/p>\n<p><span style=\"color: #000080;\">2016 &#8211; Projekt &#8222;kleinen Theaterschule&#8220;, Windelsbach<\/span><\/p>\n<p><span style=\"color: #000080;\">2015 &#8211; Theaterwerkstst\u00e4tten im Ferienprogramm, Rothenburg<\/span><\/p>\n<p><span style=\"color: #000080;\">2015 &#8211; kreative M\u00e4rchenschreibwerkstatt, Rothenburg<\/span><\/p>\n<p><span style=\"color: #000080;\">2015 &#8211; Initiieren von &#8222;Spielraum Impro Theater&#8220;, Rothenburg<\/span><\/p>\n<p><span style=\"color: #000080;\">2015 &#8211; Gr\u00fcndung des Toppler Theater\u00a0Spielclubs\u00a0f\u00fcr Kinder, Rothenburg<\/span><\/p>\n<p><span style=\"color: #000080;\">2015 &#8211; Sommer Theaterwerkstatt, Rothenburg<\/span><\/p>\n<p><span style=\"color: #000080;\">2014 &#8211; Theaterworkshop Thema &#8222;K\u00f6rpersprache&#8220;, Rothenburg<\/span><\/p>\n<p><span style=\"color: #000080;\">2013 &#8211; &#8222;Schau hin&#8220; Inszenierung f\u00fcr Werkstatt f\u00fcr allerlei Kultur, Str\u00fcth<\/span><\/p>\n<p><span style=\"color: #000080;\">2013 &#8211; Fortbildung Thema \u201ePr\u00e4senz\u201c f\u00fcr die staatlichen Berufsschulen, Kitzingen<\/span><\/p>\n<p><span style=\"color: #000080;\">2012 &#8211; Theaterworkshop f\u00fcr Werkstatt f\u00fcr allerlei Kultur, Str\u00fcth<\/span><\/p>\n<p><span style=\"color: #000080;\">2012 &#8211; Theaterworkshop f\u00fcr &#8222;Salz&amp;Licht&#8220;, Rothenburg<\/span><\/p>\n<p><span style=\"color: #000080;\">2012 &#8211; Theaterworkshop f\u00fcr EFG, Erding<\/span><\/p>\n<p><span style=\"color: #000080;\">2011 &#8211; abendf\u00fcllendes Theaterst\u00fcck f\u00fcr &#8222;himmlische K\u00fcnste \u00fcber Berlin&#8220;<\/span><\/p>\n<p><span style=\"color: #000080;\">2011 &#8211; Theaterworkshop f\u00fcr Werkstatt f\u00fcr allerlei Kultur, Str\u00fcth<\/span><\/p>\n<p><span style=\"color: #000080;\">2011 &#8211; Theaterworkshop f\u00fcr Kirchengemeinde Dettingen<\/span><\/p>\n<p><span style=\"color: #000080;\">2011 &#8211; Theaterworkshop f\u00fcr evangelische Gemeinschaft Ergersheim<\/span><\/p>\n","protected":false},"excerpt":{"rendered":"<p>Darf ich vorstellen&#8230; &#8230;Christina Wehner\u00a0 Altstadt verliebte Rothenburgerin\u00a0 Schwarze-Tee-Trinkerin Ideen-Sammlerin Erfolgreiche war-im-K\u00fchlschrank-musste-weg-K\u00f6chin D\u00e4nemark\u00a0Liebhaberin Nachfolgerin des gr\u00f6\u00dften K\u00fcnstlers (Gott)\u00a0 Nudel Fan Initiatives Organisations- und Strukturtalent Wein Genie\u00dferin Theaterfrau ewig spielendes Kind und Theaterp\u00e4dagogin aus\u00a0Leidenschaft Mit meinem theaterp\u00e4dagogischen Schaffen m\u00f6chte ich Menschen mehr Spielraum geben um\u2026 \u2026Theater zu spielen. \u2026sich k\u00fcnstlerisch, sozial und pers\u00f6nlich zu entfalten. \u2026 [&hellip;]<\/p>\n","protected":false},"author":1,"featured_media":0,"parent":0,"menu_order":0,"comment_status":"open","ping_status":"open","template":"","meta":[],"_links":{"self":[{"href":"http:\/\/mehr-spielraum.com\/index.php?rest_route=\/wp\/v2\/pages\/7"}],"collection":[{"href":"http:\/\/mehr-spielraum.com\/index.php?rest_route=\/wp\/v2\/pages"}],"about":[{"href":"http:\/\/mehr-spielraum.com\/index.php?rest_route=\/wp\/v2\/types\/page"}],"author":[{"embeddable":true,"href":"http:\/\/mehr-spielraum.com\/index.php?rest_route=\/wp\/v2\/users\/1"}],"replies":[{"embeddable":true,"href":"http:\/\/mehr-spielraum.com\/index.php?rest_route=%2Fwp%2Fv2%2Fcomments&post=7"}],"version-history":[{"count":26,"href":"http:\/\/mehr-spielraum.com\/index.php?rest_route=\/wp\/v2\/pages\/7\/revisions"}],"predecessor-version":[{"id":832,"href":"http:\/\/mehr-spielraum.com\/index.php?rest_route=\/wp\/v2\/pages\/7\/revisions\/832"}],"wp:attachment":[{"href":"http:\/\/mehr-spielraum.com\/index.php?rest_route=%2Fwp%2Fv2%2Fmedia&parent=7"}],"curies":[{"name":"wp","href":"https:\/\/api.w.org\/{rel}","templated":true}]}}