{"id":58,"date":"2015-03-03T21:31:52","date_gmt":"2015-03-03T21:31:52","guid":{"rendered":"http:\/\/mehr-spielraum.com\/?page_id=58"},"modified":"2021-02-07T09:22:41","modified_gmt":"2021-02-07T09:22:41","slug":"workshops-kirche","status":"publish","type":"page","link":"http:\/\/mehr-spielraum.com\/?page_id=58","title":{"rendered":"Theaterworkshops Kirche"},"content":{"rendered":"<p style=\"text-align: center;\"><span style=\"color: #000080;\">Ob f\u00fcr die bestehende oder die entstehende Theatergruppe oder jede andere Gruppe.<\/span><\/p>\n<p style=\"text-align: center;\"><span style=\"color: #000080;\">Ob an einem Samstag, einem Wochenende, auf der Gemeindefreizeit oder der Konfi-Freizeit.<\/span><\/p>\n<p style=\"text-align: center;\"><span style=\"color: #000080;\">F\u00fcr Theaterworkshops in Kirche und Gemeinde gibt es viele Anl\u00e4sse.<\/span><\/p>\n<p style=\"text-align: center;\"><span style=\"color: #000080;\"><a href=\"http:\/\/mehr-spielraum.com\/wp-content\/uploads\/2015\/05\/IMG_9994.jpg\"><br \/>\n<img decoding=\"async\" loading=\"lazy\" class=\"aligncenter wp-image-429 size-large\" src=\"http:\/\/mehr-spielraum.com\/wp-content\/uploads\/2015\/05\/IMG_9994-1024x683.jpg\" alt=\"IMG_9994\" width=\"1024\" height=\"683\" srcset=\"http:\/\/mehr-spielraum.com\/wp-content\/uploads\/2015\/05\/IMG_9994-1024x683.jpg 1024w, http:\/\/mehr-spielraum.com\/wp-content\/uploads\/2015\/05\/IMG_9994-300x200.jpg 300w\" sizes=\"(max-width: 1024px) 100vw, 1024px\" \/><\/a><\/span><\/p>\n<hr \/>\n<p style=\"text-align: center;\">\n<p style=\"text-align: center;\">\n<p style=\"text-align: center;\">\n<p style=\"text-align: left;\"><span style=\"color: #000080;\">Mit meinen Theaterworkshops m\u00f6chte ich <strong><span style=\"color: #ff0000;\">Gemeinden neu f\u00fcr den Spielraum Theater in ihrer Kirche begeistern, ermutigen, inspirieren und weiterbilden.<\/span><\/strong> Um das zu garantieren erstelle ich den Workshop nach Ihren individuellen W\u00fcnschen und Bed\u00fcrfnissen. <\/span><\/p>\n<p style=\"text-align: left;\"><span style=\"color: #000080;\">M\u00f6gliche Themenschwerpunkte k\u00f6nnten sein:<\/span><\/p>\n<ul>\n<li style=\"text-align: left;\"><span style=\"color: #000080;\">Grundlagenworkshop<\/span><\/li>\n<li style=\"text-align: left;\"><span style=\"color: #000080;\">Starhilfe f\u00fcr Theatergruppe in der Gemeinde<\/span><\/li>\n<li style=\"text-align: left;\"><span style=\"color: #000080;\">chorisches Theater mit biblischen Texten<\/span><\/li>\n<li style=\"text-align: left;\"><span style=\"color: #000080;\">Rollen verk\u00f6rpern<\/span><\/li>\n<li style=\"text-align: left;\"><span style=\"color: #000080;\">Theaterformen &amp; Inszenierungswerkzeuge<\/span><\/li>\n<\/ul>\n","protected":false},"excerpt":{"rendered":"<p>Ob f\u00fcr die bestehende oder die entstehende Theatergruppe oder jede andere Gruppe. Ob an einem Samstag, einem Wochenende, auf der Gemeindefreizeit oder der Konfi-Freizeit. F\u00fcr Theaterworkshops in Kirche und Gemeinde gibt es viele Anl\u00e4sse. Mit meinen Theaterworkshops m\u00f6chte ich Gemeinden neu f\u00fcr den Spielraum Theater in ihrer Kirche begeistern, ermutigen, inspirieren und weiterbilden. Um das [&hellip;]<\/p>\n","protected":false},"author":1,"featured_media":0,"parent":0,"menu_order":0,"comment_status":"closed","ping_status":"closed","template":"","meta":[],"_links":{"self":[{"href":"http:\/\/mehr-spielraum.com\/index.php?rest_route=\/wp\/v2\/pages\/58"}],"collection":[{"href":"http:\/\/mehr-spielraum.com\/index.php?rest_route=\/wp\/v2\/pages"}],"about":[{"href":"http:\/\/mehr-spielraum.com\/index.php?rest_route=\/wp\/v2\/types\/page"}],"author":[{"embeddable":true,"href":"http:\/\/mehr-spielraum.com\/index.php?rest_route=\/wp\/v2\/users\/1"}],"replies":[{"embeddable":true,"href":"http:\/\/mehr-spielraum.com\/index.php?rest_route=%2Fwp%2Fv2%2Fcomments&post=58"}],"version-history":[{"count":7,"href":"http:\/\/mehr-spielraum.com\/index.php?rest_route=\/wp\/v2\/pages\/58\/revisions"}],"predecessor-version":[{"id":818,"href":"http:\/\/mehr-spielraum.com\/index.php?rest_route=\/wp\/v2\/pages\/58\/revisions\/818"}],"wp:attachment":[{"href":"http:\/\/mehr-spielraum.com\/index.php?rest_route=%2Fwp%2Fv2%2Fmedia&parent=58"}],"curies":[{"name":"wp","href":"https:\/\/api.w.org\/{rel}","templated":true}]}}