{"id":27,"date":"2015-03-03T21:36:45","date_gmt":"2015-03-03T21:36:45","guid":{"rendered":"http:\/\/mehr-spielraum.com\/?page_id=27"},"modified":"2015-04-29T13:43:08","modified_gmt":"2015-04-29T13:43:08","slug":"mehr-spielraum-bedeutet","status":"publish","type":"page","link":"http:\/\/mehr-spielraum.com\/?page_id=27","title":{"rendered":"Mehr Spielraum bedeutet&#8230;"},"content":{"rendered":"<p><a href=\"http:\/\/mehr-spielraum.com\/wp-content\/uploads\/2015\/03\/Logo_V1.png\"><img decoding=\"async\" loading=\"lazy\" class=\" size-medium wp-image-173 alignright\" src=\"http:\/\/mehr-spielraum.com\/wp-content\/uploads\/2015\/03\/Logo_V1-300x300.png\" alt=\"Logo_V1\" width=\"300\" height=\"300\" srcset=\"http:\/\/mehr-spielraum.com\/wp-content\/uploads\/2015\/03\/Logo_V1-300x300.png 300w, http:\/\/mehr-spielraum.com\/wp-content\/uploads\/2015\/03\/Logo_V1-150x150.png 150w, http:\/\/mehr-spielraum.com\/wp-content\/uploads\/2015\/03\/Logo_V1.png 572w\" sizes=\"(max-width: 300px) 100vw, 300px\" \/><\/a><\/p>\n<p>&nbsp;<\/p>\n<p><span style=\"color: #000080;\">Mit meinem theaterp\u00e4dagogischen Schaffen m\u00f6chte ich Menschen mehr Spielraum geben um\u2026<\/span><\/p>\n<p><span style=\"color: #000080;\">\u2026Theater zu <span style=\"color: #ff0000;\"><strong>spielen<span style=\"color: #000080;\">.<\/span><\/strong><\/span><\/span><\/p>\n<p><span style=\"color: #000080;\">\u2026sich k\u00fcnstlerisch, sozial und pers\u00f6nlich zu <span style=\"color: #ff0000;\"><strong>entfalten<span style=\"color: #000080;\">.<\/span><\/strong><\/span><\/span><\/p>\n<p><span style=\"color: #000080;\"><span style=\"color: #000080;\">\u2026<\/span><strong> <span style=\"color: #ff0000;\">sensibel <\/span><\/strong>f\u00fcr den eigenen K\u00f6rper, die Seele und den Geist zu werden.<\/span><\/p>\n<p><span style=\"color: #000080;\">\u2026Kunst, Geschichten, Themen, Menschen, Kultur und \u00c4sthetik zu <span style=\"color: #ff0000;\"><strong>begegnen<\/strong><span style=\"color: #000080;\">.<\/span><\/span><\/span><\/p>\n<p>&nbsp;<\/p>\n<p>&nbsp;<\/p>\n<hr \/>\n<p>&nbsp;<\/p>\n<p><span style=\"color: #ff0000;\"><strong>SPIELEN<\/strong><\/span><\/p>\n<p><span style=\"color: #000080;\">Spielend die Welt entdecken. Denn das Spiel entf\u00fchrt uns in eine zauberhafte Parallelwelt, die Spielwelt. Deren Reiz darin liegt Raum zu haben um Handlungen durchzuf\u00fchren die in der Realit\u00e4t keine direkten Konsequenzen haben.<\/span><\/p>\n<p><span style=\"color: #000080;\">Spielen rei\u00dft aus der Konsumhaltung heraus und fordert zum handeln auf. Im Theaterspiel hat der Spieler die M\u00f6glichkeit sich in diesem Spielraum k\u00fcnstlerisch mit Gef\u00fchlen, \u00c4ngsten, Konflikten, Rollen, Geschichten und Themen auseinanderzusetzen und diese im (be-) handeln zu einem \u00e4sthetischen Ausdruck zu formen\/gestalten, welcher Beeindruckt und Spuren in der Seele eines Menschen hinterl\u00e4sst.<\/span><\/p>\n<p>&nbsp;<\/p>\n<hr \/>\n<p>&nbsp;<\/p>\n<p><span style=\"color: #ff0000;\"><strong>ENTFALTUNG<\/strong><\/span><\/p>\n<p><span style=\"color: #000080;\">Theater spielen f\u00f6rdert die Entfaltung von pers\u00f6nlichen, sozialen und k\u00fcnstlerischen Kompetenzen.<\/span><\/p>\n<p><span style=\"color: #000080;\">Pers\u00f6nlich, wird der Mensch gef\u00f6rdert,\u00a0 herausgefordert\u00a0 und best\u00e4rkt im theatralen Prozess sein Potential in Form von Ideen und F\u00e4higkeiten einzubringen.<\/span><\/p>\n<p><span style=\"color: #000080;\">Sozial, f\u00f6rdert ein theatraler Prozess die Kommunikation, den Zusammenhalt und die Reflektionsf\u00e4higkeit innerhalb einer Gruppe, sowie die Akzeptanz der Vielfalt der Ideen und Ausdrucksm\u00f6glichkeiten.<\/span><\/p>\n<p><span style=\"color: #000080;\">K\u00fcnstlerisch, lernt der Spieler seinen pers\u00f6nlichen Eindruck zu einem k\u00fcnstlerischen Ausdruck zu formen und seinen K\u00f6rper dabei als Ausdrucksmedium zu gebrauchen. Sowie die Form- und Zeichensprache des Theaters einzusetzen.<\/span><\/p>\n<p>&nbsp;<\/p>\n<hr \/>\n<p>&nbsp;<\/p>\n<p><span style=\"color: #ff0000;\"><strong>SENSIBILISIERUNG<\/strong><\/span><\/p>\n<p><span style=\"color: #000080;\">Selbstbewusstsein &#8211; Sich seiner selbst bewusst werden.<\/span><\/p>\n<p><span style=\"color: #000080;\">Sehen, H\u00f6ren, F\u00fchlen und Sprechen statt Eilen, Schweigen, und Betriebsblindheit. Theater bietet die M\u00f6glichkeit sich selbst ganzheitlich wahrzunehmen, sensibel zu werden f\u00fcr den eigenen K\u00f6rper, die Seele, den Geist und so die Selbstwahrnehmung aber auch die Fremdwahrnehmung zu schulen.<\/span><\/p>\n<p>&nbsp;<\/p>\n<hr \/>\n<p>&nbsp;<\/p>\n<p><span style=\"color: #ff0000;\"><strong>BEGEGNUNG\u00a0<\/strong><\/span><\/p>\n<p><span style=\"color: #000080;\">Das Theater ist ein Ort der Begegnung. Im Theaterspiel begegnen wir einander auf eine sehr intensive Art und Weise. Ein Theaterprojekt schwei\u00dft eine Gruppe zusammen und schafft Begegnungen zwischen Kulturen, f\u00f6rdert Integration. Theater schafft jedoch auch Raum Kunst, \u00c4sthetik, Themen und Geschichten zu begegnen.<\/span><\/p>\n","protected":false},"excerpt":{"rendered":"<p>&nbsp; Mit meinem theaterp\u00e4dagogischen Schaffen m\u00f6chte ich Menschen mehr Spielraum geben um\u2026 \u2026Theater zu spielen. \u2026sich k\u00fcnstlerisch, sozial und pers\u00f6nlich zu entfalten. \u2026 sensibel f\u00fcr den eigenen K\u00f6rper, die Seele und den Geist zu werden. \u2026Kunst, Geschichten, Themen, Menschen, Kultur und \u00c4sthetik zu begegnen. &nbsp; &nbsp; &nbsp; SPIELEN Spielend die Welt entdecken. Denn das Spiel [&hellip;]<\/p>\n","protected":false},"author":1,"featured_media":0,"parent":0,"menu_order":0,"comment_status":"closed","ping_status":"open","template":"","meta":[],"_links":{"self":[{"href":"http:\/\/mehr-spielraum.com\/index.php?rest_route=\/wp\/v2\/pages\/27"}],"collection":[{"href":"http:\/\/mehr-spielraum.com\/index.php?rest_route=\/wp\/v2\/pages"}],"about":[{"href":"http:\/\/mehr-spielraum.com\/index.php?rest_route=\/wp\/v2\/types\/page"}],"author":[{"embeddable":true,"href":"http:\/\/mehr-spielraum.com\/index.php?rest_route=\/wp\/v2\/users\/1"}],"replies":[{"embeddable":true,"href":"http:\/\/mehr-spielraum.com\/index.php?rest_route=%2Fwp%2Fv2%2Fcomments&post=27"}],"version-history":[{"count":9,"href":"http:\/\/mehr-spielraum.com\/index.php?rest_route=\/wp\/v2\/pages\/27\/revisions"}],"predecessor-version":[{"id":389,"href":"http:\/\/mehr-spielraum.com\/index.php?rest_route=\/wp\/v2\/pages\/27\/revisions\/389"}],"wp:attachment":[{"href":"http:\/\/mehr-spielraum.com\/index.php?rest_route=%2Fwp%2Fv2%2Fmedia&parent=27"}],"curies":[{"name":"wp","href":"https:\/\/api.w.org\/{rel}","templated":true}]}}