{"id":13,"date":"2015-03-03T21:44:37","date_gmt":"2015-03-03T21:44:37","guid":{"rendered":"http:\/\/mehr-spielraum.com\/?page_id=13"},"modified":"2023-04-04T14:08:09","modified_gmt":"2023-04-04T14:08:09","slug":"spielraum-kultur","status":"publish","type":"page","link":"http:\/\/mehr-spielraum.com\/?page_id=13","title":{"rendered":"Spielraum Kultur"},"content":{"rendered":"<div class=\"wp-block-image\">\n<figure class=\"alignleft\"><a href=\"http:\/\/mehr-spielraum.com\/wp-content\/uploads\/2015\/04\/Kultur.png\"><img decoding=\"async\" loading=\"lazy\" width=\"300\" height=\"243\" src=\"http:\/\/mehr-spielraum.com\/wp-content\/uploads\/2015\/04\/Kultur-300x243.png\" alt=\"Kultur\" class=\"wp-image-265\" srcset=\"http:\/\/mehr-spielraum.com\/wp-content\/uploads\/2015\/04\/Kultur-300x243.png 300w, http:\/\/mehr-spielraum.com\/wp-content\/uploads\/2015\/04\/Kultur.png 858w\" sizes=\"(max-width: 300px) 100vw, 300px\" \/><\/a><\/figure><\/div>\n\n\n<p class=\"has-text-align-left\"><em><\/em><\/p>\n\n\n\n<p class=\"has-text-align-left\"><span style=\"color: #ff0000;\"><strong>Im kulturellen Raum unserer Gesellschaft<\/strong><\/span><\/p>\n\n\n\n<p class=\"has-text-align-left\"><span style=\"color: #ff0000;\"><strong>m\u00f6chte ich Begegnung f\u00f6rdern.&nbsp;<\/strong><\/span><\/p>\n\n\n\n<p class=\"has-text-align-left\"><span style=\"color: #ff0000;\"><strong>Begegnung mit sich,<\/strong><\/span><\/p>\n\n\n\n<p class=\"has-text-align-left\"><span style=\"color: #ff0000;\"><b>anderen und Kunst<\/b><\/span><\/p>\n\n\n\n<p class=\"has-text-align-left\"><span style=\"color: #ff0000;\"><strong>innerhalb des Mediums Theater.<\/strong><\/span><\/p>\n\n\n\n<hr class=\"wp-block-separator has-alpha-channel-opacity\"\/>\n\n\n\n<p><span style=\"color: #000080;\">Durch Theaterprojekte und Inszenierungen will ich Menschen einen Zugang zu den darstellenden K\u00fcnsten geben und somit Partizipation am&nbsp;kulturellen und k\u00fcnstlerischen Leben unserer Gesellschaft.<\/span><\/p>\n\n\n\n<hr class=\"wp-block-separator has-alpha-channel-opacity\"\/>\n\n\n\n<p><span style=\"color: #000080;\">Unter &#8222;Spielraum Kultur&#8220; biete ich <strong>St\u00fcckinszenierungen, Theaterwerkst\u00e4tten<\/strong> und&nbsp;Theaterspiel bei Ihnen Zuhause in Form von <strong>Geburtstagsprogrammen<\/strong> an. Weiteres hierzu finden Sie im Men\u00fc unterhalb von &#8222;Spielraum Kultur&#8220;.<\/span><\/p>\n","protected":false},"excerpt":{"rendered":"<p>Im kulturellen Raum unserer Gesellschaft m\u00f6chte ich Begegnung f\u00f6rdern.&nbsp; Begegnung mit sich, anderen und Kunst innerhalb des Mediums Theater. Durch Theaterprojekte und Inszenierungen will ich Menschen einen Zugang zu den darstellenden K\u00fcnsten geben und somit Partizipation am&nbsp;kulturellen und k\u00fcnstlerischen Leben unserer Gesellschaft. Unter &#8222;Spielraum Kultur&#8220; biete ich St\u00fcckinszenierungen, Theaterwerkst\u00e4tten und&nbsp;Theaterspiel bei Ihnen Zuhause in Form [&hellip;]<\/p>\n","protected":false},"author":1,"featured_media":310,"parent":0,"menu_order":0,"comment_status":"open","ping_status":"open","template":"","meta":[],"_links":{"self":[{"href":"http:\/\/mehr-spielraum.com\/index.php?rest_route=\/wp\/v2\/pages\/13"}],"collection":[{"href":"http:\/\/mehr-spielraum.com\/index.php?rest_route=\/wp\/v2\/pages"}],"about":[{"href":"http:\/\/mehr-spielraum.com\/index.php?rest_route=\/wp\/v2\/types\/page"}],"author":[{"embeddable":true,"href":"http:\/\/mehr-spielraum.com\/index.php?rest_route=\/wp\/v2\/users\/1"}],"replies":[{"embeddable":true,"href":"http:\/\/mehr-spielraum.com\/index.php?rest_route=%2Fwp%2Fv2%2Fcomments&post=13"}],"version-history":[{"count":25,"href":"http:\/\/mehr-spielraum.com\/index.php?rest_route=\/wp\/v2\/pages\/13\/revisions"}],"predecessor-version":[{"id":836,"href":"http:\/\/mehr-spielraum.com\/index.php?rest_route=\/wp\/v2\/pages\/13\/revisions\/836"}],"wp:featuredmedia":[{"embeddable":true,"href":"http:\/\/mehr-spielraum.com\/index.php?rest_route=\/wp\/v2\/media\/310"}],"wp:attachment":[{"href":"http:\/\/mehr-spielraum.com\/index.php?rest_route=%2Fwp%2Fv2%2Fmedia&parent=13"}],"curies":[{"name":"wp","href":"https:\/\/api.w.org\/{rel}","templated":true}]}}