{"id":110,"date":"2015-03-07T17:52:09","date_gmt":"2015-03-07T17:52:09","guid":{"rendered":"http:\/\/mehr-spielraum.com\/?page_id=110"},"modified":"2015-05-27T20:04:57","modified_gmt":"2015-05-27T20:04:57","slug":"theaterpaedagogik","status":"publish","type":"page","link":"http:\/\/mehr-spielraum.com\/?page_id=110","title":{"rendered":"Theaterp\u00e4dagogik"},"content":{"rendered":"<p><span style=\"color: #000080;\">Nachdem die Theaterp\u00e4dagogik noch eine recht junge Disziplin ist,<\/span><\/p>\n<p style=\"text-align: left;\"><span style=\"color: #000080;\">werde ich oft gefragt:<\/span><\/p>\n<p style=\"text-align: left;\"><span style=\"color: #000080;\">\u201cUnd was macht man als Theaterp\u00e4dagogin so?\u201d<\/span><\/p>\n<p style=\"text-align: left;\"><span style=\"color: #000080;\">oder \u201cWas ist Theaterp\u00e4dagogik?\u201d<\/span><\/p>\n<p style=\"text-align: right;\"><strong><span style=\"color: #ff0000;\"><a href=\"http:\/\/mehr-spielraum.com\/wp-content\/uploads\/2015\/03\/IMG_1159-e1427233971984.jpg\"><img decoding=\"async\" loading=\"lazy\" class=\"  wp-image-228 aligncenter\" src=\"http:\/\/mehr-spielraum.com\/wp-content\/uploads\/2015\/03\/IMG_1159-300x195.jpg\" alt=\"IMG_1159\" width=\"381\" height=\"248\" \/><\/a><\/span><\/strong><\/p>\n<p style=\"text-align: right;\"><strong><span style=\"color: #ff0000;\">Theaterp\u00e4dagogik ist f\u00fcr mich:<\/span><\/strong><\/p>\n<p style=\"text-align: right;\"><span style=\"color: #ff0000;\">Eine k\u00fcnstlerische Expeditionsreise,<\/span><\/p>\n<p style=\"text-align: right;\"><span style=\"color: #ff0000;\">mit dem Ziel, gemeinsam Theater zu spielen.<\/span><\/p>\n<p style=\"text-align: right;\"><span style=\"color: #ff0000;\">F\u00fcr mich steht der &#8222;kulturell Bildungsreisende&#8220;<\/span><\/p>\n<p style=\"text-align: right;\"><span style=\"color: #ff0000;\">mit seinen Ideen und Ausdrucksm\u00f6glichkeiten<\/span><\/p>\n<p style=\"text-align: right;\"><span style=\"color: #ff0000;\">im Fokus der &#8222;Forschungs-Expedition&#8220;.<\/span><\/p>\n<hr \/>\n<p style=\"text-align: justify;\"><span style=\"color: #000080;\">Ich als &#8222;Expeditionsleiterin&#8220; initiiere kulturelle Erfahrungs- und Lernprozesse,<\/span><\/p>\n<p style=\"text-align: justify;\"><span style=\"color: #000080;\">welche die sozialen, k\u00fcnstlerischen und personalen Kompetenzen des Individuums<\/span><\/p>\n<p style=\"text-align: justify;\"><span style=\"color: #000080;\">ganzheitlich und nachhaltig f\u00f6rdern.<\/span><\/p>\n<hr \/>\n<p style=\"text-align: justify;\"><span style=\"color: #000080;\">Auf dieser Expeditions Reise bewege ich mich als Theaterp\u00e4dagogin mit meiner Gruppe,<\/span><\/p>\n<p style=\"text-align: justify;\"><span style=\"color: #000080;\">mit einem Theaterbein und einem P\u00e4dagogikbein vorw\u00e4rts.<\/span><\/p>\n<p style=\"text-align: justify;\"><span style=\"color: #000080;\">Die richtige Balance erlange ich dabei mit dem Blick auf die Gruppe.<\/span><\/p>\n","protected":false},"excerpt":{"rendered":"<p>Nachdem die Theaterp\u00e4dagogik noch eine recht junge Disziplin ist, werde ich oft gefragt: \u201cUnd was macht man als Theaterp\u00e4dagogin so?\u201d oder \u201cWas ist Theaterp\u00e4dagogik?\u201d Theaterp\u00e4dagogik ist f\u00fcr mich: Eine k\u00fcnstlerische Expeditionsreise, mit dem Ziel, gemeinsam Theater zu spielen. F\u00fcr mich steht der &#8222;kulturell Bildungsreisende&#8220; mit seinen Ideen und Ausdrucksm\u00f6glichkeiten im Fokus der &#8222;Forschungs-Expedition&#8220;. Ich als [&hellip;]<\/p>\n","protected":false},"author":1,"featured_media":0,"parent":0,"menu_order":0,"comment_status":"closed","ping_status":"closed","template":"","meta":[],"_links":{"self":[{"href":"http:\/\/mehr-spielraum.com\/index.php?rest_route=\/wp\/v2\/pages\/110"}],"collection":[{"href":"http:\/\/mehr-spielraum.com\/index.php?rest_route=\/wp\/v2\/pages"}],"about":[{"href":"http:\/\/mehr-spielraum.com\/index.php?rest_route=\/wp\/v2\/types\/page"}],"author":[{"embeddable":true,"href":"http:\/\/mehr-spielraum.com\/index.php?rest_route=\/wp\/v2\/users\/1"}],"replies":[{"embeddable":true,"href":"http:\/\/mehr-spielraum.com\/index.php?rest_route=%2Fwp%2Fv2%2Fcomments&post=110"}],"version-history":[{"count":18,"href":"http:\/\/mehr-spielraum.com\/index.php?rest_route=\/wp\/v2\/pages\/110\/revisions"}],"predecessor-version":[{"id":486,"href":"http:\/\/mehr-spielraum.com\/index.php?rest_route=\/wp\/v2\/pages\/110\/revisions\/486"}],"wp:attachment":[{"href":"http:\/\/mehr-spielraum.com\/index.php?rest_route=%2Fwp%2Fv2%2Fmedia&parent=110"}],"curies":[{"name":"wp","href":"https:\/\/api.w.org\/{rel}","templated":true}]}}