{"id":108,"date":"2015-03-07T17:51:20","date_gmt":"2015-03-07T17:51:20","guid":{"rendered":"http:\/\/mehr-spielraum.com\/?page_id=108"},"modified":"2024-03-20T07:45:58","modified_gmt":"2024-03-20T07:45:58","slug":"impressum","status":"publish","type":"page","link":"http:\/\/mehr-spielraum.com\/?page_id=108","title":{"rendered":"Impressum"},"content":{"rendered":"<div class=\"impressum\">\n<h6><span style=\"color: #000080;\">Angaben gem\u00e4\u00df \u00a7 5 TMG<\/span><\/h6>\n<p><span style=\"color: #000080;\">Christina Wehner<\/span><\/p>\n<p><span style=\"color: #000080;\">Horabacher Stra\u00dfe 18<\/span><\/p>\n<p><span style=\"color: #000080;\">91616 Neusitz<\/span><\/p>\n<p><span style=\"color: #000080;\"><strong>Vertreten durch: <\/strong><\/span><\/p>\n<p><span style=\"color: #000080;\">Christina Wehner<\/span><\/p>\n<p><span style=\"color: #000080;\"><strong>Kontakt:<\/strong><\/span><\/p>\n<p><span style=\"color: #000080;\">Telefon: 0174 9258224<\/span><\/p>\n<p><span style=\"color: #000080;\">E-Mail: <a style=\"color: #000080;\" href=\"mailto:mail@mehr-spielraum.com\">mail@mehr-spielraum.com<\/a><\/span><\/p>\n<p><span style=\"color: #000080;\"><strong>Verantwortlich f\u00fcr den Inhalt nach \u00a7 55 Abs. 2 RStV:<\/strong><\/span><\/p>\n<p><span style=\"color: #000080;\">Christina Wehner<\/span><\/p>\n<p><span style=\"color: #000080;\">Horabacher Stra\u00dfe 18<\/span><\/p>\n<p><span style=\"color: #000080;\">91616 Neusitz<\/span><\/p>\n<p><span style=\"color: #000080;\"><strong>Haftungsausschluss: <\/strong><\/span><\/p>\n<p><span style=\"color: #000080;\"><strong>Haftung f\u00fcr Inhalte<\/strong><\/span><\/p>\n<p><span style=\"color: #000080;\">Die Inhalte unserer Seiten wurden mit gr\u00f6\u00dfter Sorgfalt erstellt. F\u00fcr die Richtigkeit, Vollst\u00e4ndigkeit und Aktualit\u00e4t der Inhalte k\u00f6nnen wir jedoch keine Gew\u00e4hr \u00fcbernehmen. Als Diensteanbieter sind wir gem\u00e4\u00df \u00a7 7 Abs.1 TMG f\u00fcr eigene Inhalte auf diesen Seiten nach den allgemeinen Gesetzen verantwortlich. Nach \u00a7\u00a7 8 bis 10 TMG sind wir als Diensteanbieter jedoch nicht verpflichtet, \u00fcbermittelte oder gespeicherte fremde Informationen zu \u00fcberwachen oder nach Umst\u00e4nden zu forschen, die auf eine rechtswidrige T\u00e4tigkeit hinweisen. Verpflichtungen zur Entfernung oder Sperrung der Nutzung von Informationen nach den allgemeinen Gesetzen bleiben hiervon unber\u00fchrt. Eine diesbez\u00fcgliche Haftung ist jedoch erst ab dem Zeitpunkt der Kenntnis einer konkreten Rechtsverletzung m\u00f6glich. Bei Bekanntwerden von entsprechenden Rechtsverletzungen werden wir diese Inhalte umgehend entfernen.<\/span><\/p>\n<p><span style=\"color: #000080;\"><strong>Urheberrecht<\/strong><\/span><\/p>\n<p><span style=\"color: #000080;\">Die durch die Seitenbetreiber erstellten Inhalte und Werke auf diesen Seiten unterliegen dem deutschen Urheberrecht. Die Vervielf\u00e4ltigung, Bearbeitung, Verbreitung und jede Art der Verwertung au\u00dferhalb der Grenzen des Urheberrechtes bed\u00fcrfen der schriftlichen Zustimmung des jeweiligen Autors bzw. Erstellers. Downloads und Kopien dieser Seite sind nur f\u00fcr den privaten, nicht kommerziellen Gebrauch gestattet. Soweit die Inhalte auf dieser Seite nicht vom Betreiber erstellt wurden, werden die Urheberrechte Dritter beachtet. Insbesondere werden Inhalte Dritter als solche gekennzeichnet. Sollten Sie trotzdem auf eine Urheberrechtsverletzung aufmerksam werden, bitten wir um einen entsprechenden Hinweis. Bei Bekanntwerden von Rechtsverletzungen werden wir derartige Inhalte umgehend entfernen.<\/span><\/p>\n<\/div>\n","protected":false},"excerpt":{"rendered":"<p>Angaben gem\u00e4\u00df \u00a7 5 TMG Christina Wehner Horabacher Stra\u00dfe 18 91616 Neusitz Vertreten durch: Christina Wehner Kontakt: Telefon: 0174 9258224 E-Mail: mail@mehr-spielraum.com Verantwortlich f\u00fcr den Inhalt nach \u00a7 55 Abs. 2 RStV: Christina Wehner Horabacher Stra\u00dfe 18 91616 Neusitz Haftungsausschluss: Haftung f\u00fcr Inhalte Die Inhalte unserer Seiten wurden mit gr\u00f6\u00dfter Sorgfalt erstellt. F\u00fcr die Richtigkeit, [&hellip;]<\/p>\n","protected":false},"author":1,"featured_media":0,"parent":0,"menu_order":0,"comment_status":"closed","ping_status":"closed","template":"","meta":[],"_links":{"self":[{"href":"http:\/\/mehr-spielraum.com\/index.php?rest_route=\/wp\/v2\/pages\/108"}],"collection":[{"href":"http:\/\/mehr-spielraum.com\/index.php?rest_route=\/wp\/v2\/pages"}],"about":[{"href":"http:\/\/mehr-spielraum.com\/index.php?rest_route=\/wp\/v2\/types\/page"}],"author":[{"embeddable":true,"href":"http:\/\/mehr-spielraum.com\/index.php?rest_route=\/wp\/v2\/users\/1"}],"replies":[{"embeddable":true,"href":"http:\/\/mehr-spielraum.com\/index.php?rest_route=%2Fwp%2Fv2%2Fcomments&post=108"}],"version-history":[{"count":5,"href":"http:\/\/mehr-spielraum.com\/index.php?rest_route=\/wp\/v2\/pages\/108\/revisions"}],"predecessor-version":[{"id":869,"href":"http:\/\/mehr-spielraum.com\/index.php?rest_route=\/wp\/v2\/pages\/108\/revisions\/869"}],"wp:attachment":[{"href":"http:\/\/mehr-spielraum.com\/index.php?rest_route=%2Fwp%2Fv2%2Fmedia&parent=108"}],"curies":[{"name":"wp","href":"https:\/\/api.w.org\/{rel}","templated":true}]}}